{"id":19,"date":"2020-08-02T23:35:36","date_gmt":"2020-08-02T23:35:36","guid":{"rendered":"http:\/\/filaret.ec\/?page_id=19"},"modified":"2020-08-26T15:53:37","modified_gmt":"2020-08-26T15:53:37","slug":"servicios","status":"publish","type":"page","link":"https:\/\/filaret.ec\/index.php\/servicios\/","title":{"rendered":"Servicios"},"content":{"rendered":"<div class=\"csRow\">\n<div class=\"csColumnGap\" style=\"margin: 0px; padding: 0px; float: left; width: 1.56%;\"><img decoding=\"async\" style=\"border: none;\" src=\"http:\/\/filaret.ec\/wp-content\/plugins\/advanced-wp-columns\/assets\/js\/plugins\/views\/img\/1x1-pixel.png\" \/><\/div>\n<div class=\"csColumn\" style=\"margin: 0px; padding: 0px; float: left; width: 31.3%;\" data-csstartpoint=\"15\" data-csendpoint=\"315\" data-cswidth=\"31.3%\" data-csid=\"935ae582-7679-fd1c-81f3-1294452e07dc\">\n<h4 style=\"text-align: center;\"><strong><iframe loading=\"lazy\" src=\"https:\/\/player.vimeo.com\/video\/445554184\" width=\"440\" height=\"244\" frameborder=\"0\" allowfullscreen=\"allowfullscreen\"><span data-mce-type=\"bookmark\" class=\"mce_SELRES_start\">\ufeff<\/span><span data-mce-type=\"bookmark\" class=\"mce_SELRES_start\">\ufeff<\/span><span data-mce-type=\"bookmark\" class=\"mce_SELRES_start\">\ufeff<\/span><\/iframe><br \/>\nImpresi\u00f3n por Serigraf\u00eda<\/strong><\/h4>\n<p style=\"text-align: center;\">Ofrecemos el servicio de personalizaci\u00f3n de los tambores met\u00e1licos de acuerdo con la necesidad del cliente.<\/p>\n<\/div>\n<div class=\"csColumnGap\" style=\"margin: 0px; padding: 0px; float: left; width: 1.56%;\"><img decoding=\"async\" style=\"border: none;\" src=\"http:\/\/filaret.ec\/wp-content\/plugins\/advanced-wp-columns\/assets\/js\/plugins\/views\/img\/1x1-pixel.png\" \/><\/div>\n<div class=\"csColumn\" style=\"margin: 0px; padding: 0px; float: left; width: 31.3%;\" data-csstartpoint=\"330\" data-csendpoint=\"630\" data-cswidth=\"31.3%\" data-csid=\"ed14a2be-d283-3dce-a661-bcfbdc3eadac\">\n<h4 style=\"text-align: center;\"><img loading=\"lazy\" decoding=\"async\" class=\"aligncenter wp-image-365 size-full\" src=\"http:\/\/filaret.ec\/wp-content\/uploads\/2020\/08\/pinturahornof.png\" alt=\"\" width=\"440\" height=\"244\" srcset=\"https:\/\/filaret.ec\/wp-content\/uploads\/2020\/08\/pinturahornof.png 440w, https:\/\/filaret.ec\/wp-content\/uploads\/2020\/08\/pinturahornof-300x166.png 300w\" sizes=\"auto, (max-width: 440px) 100vw, 440px\" \/><\/h4>\n<h4 style=\"text-align: center;\"><strong>Pintura al Horno<\/strong><\/h4>\n<p style=\"text-align: center;\">Pintado al horno de los tambores met\u00e1licos con esmalte ep\u00f3xico y\/o at\u00f3xico.<\/p>\n<p><iframe loading=\"lazy\" src=\"https:\/\/player.vimeo.com\/video\/445552918\" width=\"440\" height=\"244\" frameborder=\"0\" allowfullscreen=\"allowfullscreen\"><span data-mce-type=\"bookmark\" class=\"mce_SELRES_start\">\ufeff<\/span><\/iframe><\/p>\n<\/div>\n<div class=\"csColumnGap\" style=\"margin: 0px; padding: 0px; float: left; width: 1.56%;\"><img decoding=\"async\" style=\"border: none;\" src=\"http:\/\/filaret.ec\/wp-content\/plugins\/advanced-wp-columns\/assets\/js\/plugins\/views\/img\/1x1-pixel.png\" \/><\/div>\n<div class=\"csColumn\" style=\"margin: 0px; padding: 0px; float: left; width: 31.3%;\" data-csstartpoint=\"645\" data-csendpoint=\"945\" data-cswidth=\"31.3%\" data-csid=\"10589dcb-aaeb-c9e7-a100-aa33785e102f\">\n<h4 style=\"text-align: center;\"><strong><img loading=\"lazy\" decoding=\"async\" class=\"aligncenter wp-image-461 size-full\" src=\"http:\/\/filaret.ec\/wp-content\/uploads\/2020\/08\/transporte_filaret.png\" alt=\"\" width=\"440\" height=\"244\" srcset=\"https:\/\/filaret.ec\/wp-content\/uploads\/2020\/08\/transporte_filaret.png 440w, https:\/\/filaret.ec\/wp-content\/uploads\/2020\/08\/transporte_filaret-300x166.png 300w\" sizes=\"auto, (max-width: 440px) 100vw, 440px\" \/><\/strong><\/h4>\n<h4 style=\"text-align: center;\"><strong>Transporte\u00a0<\/strong><\/h4>\n<ul>\n<li style=\"text-align: justify;\">Ofrecemos el servicio de transporte de los tambores met\u00e1licos desde nuestra planta a la del cliente.<\/li>\n<li style=\"text-align: justify;\">Coordinamos con los agentes navieros la entrega del contenedor en el puerto para su embarque.<\/li>\n<\/ul>\n<p>&nbsp;<\/p>\n<p>&nbsp;<\/p>\n<\/div>\n<\/div>\n","protected":false},"excerpt":{"rendered":"<p>\ufeff\ufeff\ufeff Impresi\u00f3n por Serigraf\u00eda Ofrecemos el servicio de personalizaci\u00f3n de los tambores met\u00e1licos de acuerdo con la necesidad del cliente. Pintura al Horno Pintado al horno de los tambores met\u00e1licos con esmalte<a class=\"moretag\" href=\"https:\/\/filaret.ec\/index.php\/servicios\/\">Leer m\u00e1s&#8230;<\/a><\/p>\n","protected":false},"author":1,"featured_media":0,"parent":0,"menu_order":0,"comment_status":"closed","ping_status":"closed","template":"","meta":{"footnotes":""},"class_list":["post-19","page","type-page","status-publish","hentry"],"_links":{"self":[{"href":"https:\/\/filaret.ec\/index.php\/wp-json\/wp\/v2\/pages\/19","targetHints":{"allow":["GET"]}}],"collection":[{"href":"https:\/\/filaret.ec\/index.php\/wp-json\/wp\/v2\/pages"}],"about":[{"href":"https:\/\/filaret.ec\/index.php\/wp-json\/wp\/v2\/types\/page"}],"author":[{"embeddable":true,"href":"https:\/\/filaret.ec\/index.php\/wp-json\/wp\/v2\/users\/1"}],"replies":[{"embeddable":true,"href":"https:\/\/filaret.ec\/index.php\/wp-json\/wp\/v2\/comments?post=19"}],"version-history":[{"count":46,"href":"https:\/\/filaret.ec\/index.php\/wp-json\/wp\/v2\/pages\/19\/revisions"}],"predecessor-version":[{"id":574,"href":"https:\/\/filaret.ec\/index.php\/wp-json\/wp\/v2\/pages\/19\/revisions\/574"}],"wp:attachment":[{"href":"https:\/\/filaret.ec\/index.php\/wp-json\/wp\/v2\/media?parent=19"}],"curies":[{"name":"wp","href":"https:\/\/api.w.org\/{rel}","templated":true}]}}