{"id":204,"date":"2026-01-14T14:27:25","date_gmt":"2026-01-14T14:27:25","guid":{"rendered":"http:\/\/filaret.ec\/?page_id=204"},"modified":"2026-01-14T19:34:48","modified_gmt":"2026-01-14T19:34:48","slug":"certificado-iso-9001","status":"publish","type":"page","link":"https:\/\/filaret.ec\/index.php\/certificado-iso-9001\/","title":{"rendered":"Certificado ISO 9001"},"content":{"rendered":"<div class=\"csRow\">\n<div class=\"csColumn\" style=\"margin: 0px; padding: 0px; float: left; width: 24.5%;\" data-csstartpoint=\"15\" data-csendpoint=\"250.5\" data-cswidth=\"24.5%\" data-csid=\"768860ed-9d8e-7572-bf2d-f3d9e7fa50f7\">\n<p style=\"text-align: center;\"><img loading=\"lazy\" decoding=\"async\" class=\"alignnone wp-image-198 size-full\" src=\"https:\/\/filaret.ec\/wp-content\/uploads\/2020\/08\/SGS_ISO-9001_TCL_HR.jpg\" alt=\"Certificado\" width=\"198\" height=\"193\" \/><br \/>\n<a href=\"https:\/\/w2-certiq.sgs.com\/api\/external-document\/certificate\/4e71459d-3a39-41a5-9a5b-f5b5a09b5325\" target=\"_blank\" rel=\"noopener noreferrer\">Ver certificado<\/a><\/p>\n<\/div>\n<div class=\"csColumnGap\" style=\"margin: 0px; padding: 0px; float: left; width: 1.56%;\"><img decoding=\"async\" style=\"border: none;\" src=\"http:\/\/filaret.ec\/wp-content\/plugins\/advanced-wp-columns\/assets\/js\/plugins\/views\/img\/1x1-pixel.png\" \/><\/div>\n<div class=\"csColumn\" style=\"margin: 0px; padding: 0px; float: left; width: 70.8%;\" data-csstartpoint=\"265.5\" data-csendpoint=\"945\" data-cswidth=\"70.8%\" data-csid=\"64b0166b-ba43-e215-bcda-0c46407e84cb\">\n<p style=\"text-align: justify;\">FILARET S.A. dispone de un sistema de gesti\u00f3n certificado de acuerdo a la norma ISO 9001:2015 por SGS, comprometi\u00e9ndose a cumplir con los objetivos de la calidad y a mejorar continuamente los procesos que posee nuestra organizaci\u00f3n, lo cuales est\u00e1n estandarizados con la norma que exige la certificaci\u00f3n.<\/p>\n<\/div>\n<\/div>\n","protected":false},"excerpt":{"rendered":"<p>Ver certificado FILARET S.A. dispone de un sistema de gesti\u00f3n certificado de acuerdo a la norma ISO 9001:2015 por SGS, comprometi\u00e9ndose a cumplir con los objetivos de la calidad y a mejorar<a class=\"moretag\" href=\"https:\/\/filaret.ec\/index.php\/certificado-iso-9001\/\">Leer m\u00e1s&#8230;<\/a><\/p>\n","protected":false},"author":1,"featured_media":0,"parent":0,"menu_order":0,"comment_status":"closed","ping_status":"closed","template":"","meta":{"footnotes":""},"class_list":["post-204","page","type-page","status-publish","hentry"],"_links":{"self":[{"href":"https:\/\/filaret.ec\/index.php\/wp-json\/wp\/v2\/pages\/204","targetHints":{"allow":["GET"]}}],"collection":[{"href":"https:\/\/filaret.ec\/index.php\/wp-json\/wp\/v2\/pages"}],"about":[{"href":"https:\/\/filaret.ec\/index.php\/wp-json\/wp\/v2\/types\/page"}],"author":[{"embeddable":true,"href":"https:\/\/filaret.ec\/index.php\/wp-json\/wp\/v2\/users\/1"}],"replies":[{"embeddable":true,"href":"https:\/\/filaret.ec\/index.php\/wp-json\/wp\/v2\/comments?post=204"}],"version-history":[{"count":22,"href":"https:\/\/filaret.ec\/index.php\/wp-json\/wp\/v2\/pages\/204\/revisions"}],"predecessor-version":[{"id":694,"href":"https:\/\/filaret.ec\/index.php\/wp-json\/wp\/v2\/pages\/204\/revisions\/694"}],"wp:attachment":[{"href":"https:\/\/filaret.ec\/index.php\/wp-json\/wp\/v2\/media?parent=204"}],"curies":[{"name":"wp","href":"https:\/\/api.w.org\/{rel}","templated":true}]}}