{"id":231,"date":"2020-08-05T22:17:45","date_gmt":"2020-08-05T22:17:45","guid":{"rendered":"http:\/\/filaret.ec\/?page_id=231"},"modified":"2020-08-24T15:24:50","modified_gmt":"2020-08-24T15:24:50","slug":"mision-vision","status":"publish","type":"page","link":"https:\/\/filaret.ec\/index.php\/mision-vision\/","title":{"rendered":"Misi\u00f3n &#038; Visi\u00f3n"},"content":{"rendered":"<h4><strong>Misi\u00f3n<\/strong><\/h4>\n<p style=\"text-align: justify;\">Somos una empresa l\u00edder, orgullosamente ecuatoriana con tecnolog\u00eda propia dedicada a la fabricaci\u00f3n de envases met\u00e1licos de alta calidad para clientes de las industrias de alimentos, lubricantes y qu\u00edmicos orientados al mercado local y de exportaci\u00f3n.<br \/>\nEstamos comprometidos con el desarrollo humano y profesional de nuestros colaboradores, accionistas y la sociedad ecuatoriana en general. Nuestras metas y objetivos est\u00e1n orientados dentro de un marco altamente \u00e9tico, de respeto y cumplimiento de leyes y reglamentos.<\/p>\n<h4><strong>Visi\u00f3n<\/strong><\/h4>\n<p style=\"text-align: justify;\">Optimizar los niveles de productividad, calidad y eficiencia con la participaci\u00f3n y compromiso de todos los niveles de la empresa.<br \/>\nDiversificar nuestra l\u00ednea de productos con nuevos e innovadores dise\u00f1os orientados a los mercados de exportaci\u00f3n.<\/p>\n","protected":false},"excerpt":{"rendered":"<p>Misi\u00f3n Somos una empresa l\u00edder, orgullosamente ecuatoriana con tecnolog\u00eda propia dedicada a la fabricaci\u00f3n de envases met\u00e1licos de alta calidad para clientes de las industrias de alimentos, lubricantes y qu\u00edmicos orientados al<a class=\"moretag\" href=\"https:\/\/filaret.ec\/index.php\/mision-vision\/\">Leer m\u00e1s&#8230;<\/a><\/p>\n","protected":false},"author":1,"featured_media":0,"parent":0,"menu_order":0,"comment_status":"closed","ping_status":"closed","template":"","meta":{"footnotes":""},"class_list":["post-231","page","type-page","status-publish","hentry"],"_links":{"self":[{"href":"https:\/\/filaret.ec\/index.php\/wp-json\/wp\/v2\/pages\/231","targetHints":{"allow":["GET"]}}],"collection":[{"href":"https:\/\/filaret.ec\/index.php\/wp-json\/wp\/v2\/pages"}],"about":[{"href":"https:\/\/filaret.ec\/index.php\/wp-json\/wp\/v2\/types\/page"}],"author":[{"embeddable":true,"href":"https:\/\/filaret.ec\/index.php\/wp-json\/wp\/v2\/users\/1"}],"replies":[{"embeddable":true,"href":"https:\/\/filaret.ec\/index.php\/wp-json\/wp\/v2\/comments?post=231"}],"version-history":[{"count":3,"href":"https:\/\/filaret.ec\/index.php\/wp-json\/wp\/v2\/pages\/231\/revisions"}],"predecessor-version":[{"id":428,"href":"https:\/\/filaret.ec\/index.php\/wp-json\/wp\/v2\/pages\/231\/revisions\/428"}],"wp:attachment":[{"href":"https:\/\/filaret.ec\/index.php\/wp-json\/wp\/v2\/media?parent=231"}],"curies":[{"name":"wp","href":"https:\/\/api.w.org\/{rel}","templated":true}]}}