{"id":67,"date":"2020-08-03T18:20:59","date_gmt":"2020-08-03T18:20:59","guid":{"rendered":"http:\/\/filaret.ec\/?page_id=67"},"modified":"2020-08-25T19:23:47","modified_gmt":"2020-08-25T19:23:47","slug":"clientes","status":"publish","type":"page","link":"https:\/\/filaret.ec\/index.php\/clientes\/","title":{"rendered":"Mercado de Clientes"},"content":{"rendered":"<div class=\"csRow\">\n<div class=\"csColumnGap\" style=\"margin: 0px; padding: 0px; float: left; width: 1.56%;\"><img decoding=\"async\" style=\"border: none;\" src=\"http:\/\/filaret.ec\/wp-content\/plugins\/advanced-wp-columns\/assets\/js\/plugins\/views\/img\/1x1-pixel.png\" \/><\/div>\n<div class=\"csColumn\" style=\"margin: 0px; padding: 0px; float: left; width: 31.3%;\" data-csstartpoint=\"15\" data-csendpoint=\"315\" data-cswidth=\"31.3%\" data-csid=\"1aab0c21-4f3b-bea1-8ebd-3e9d9cfc0499\">\n<h4 style=\"text-align: center;\"><strong><img loading=\"lazy\" decoding=\"async\" class=\"aligncenter wp-image-316 size-full\" src=\"http:\/\/filaret.ec\/wp-content\/uploads\/2020\/08\/frutasf.png\" alt=\"\" width=\"440\" height=\"244\" srcset=\"https:\/\/filaret.ec\/wp-content\/uploads\/2020\/08\/frutasf.png 440w, https:\/\/filaret.ec\/wp-content\/uploads\/2020\/08\/frutasf-300x166.png 300w\" sizes=\"auto, (max-width: 440px) 100vw, 440px\" \/><br \/>\nAgroindustrial<br \/>\n<\/strong><\/h4>\n<ul>\n<li style=\"text-align: justify;\">Pasta de tomate<\/li>\n<li style=\"text-align: justify;\">Concentrados, pur\u00e9 y jugos de frutas (maracuy\u00e1, banano, mango)<\/li>\n<li style=\"text-align: justify;\">Otros productos as\u00e9pticos o congelados.<\/li>\n<\/ul>\n<\/div>\n<div class=\"csColumnGap\" style=\"margin: 0px; padding: 0px; float: left; width: 1.56%; text-align: center;\"><img decoding=\"async\" style=\"border: none;\" src=\"http:\/\/filaret.ec\/wp-content\/plugins\/advanced-wp-columns\/assets\/js\/plugins\/views\/img\/1x1-pixel.png\" \/><\/div>\n<div class=\"csColumn\" style=\"margin: 0px; padding: 0px; float: left; width: 31.3%; text-align: center;\" data-csstartpoint=\"330\" data-csendpoint=\"630\" data-cswidth=\"31.3%\" data-csid=\"e05d44ce-a89a-3c2a-bf5f-1d906972bb03\">\n<h4><strong><img loading=\"lazy\" decoding=\"async\" class=\"aligncenter wp-image-315 size-full\" src=\"http:\/\/filaret.ec\/wp-content\/uploads\/2020\/08\/aceitef.png\" alt=\"\" width=\"440\" height=\"244\" srcset=\"https:\/\/filaret.ec\/wp-content\/uploads\/2020\/08\/aceitef.png 440w, https:\/\/filaret.ec\/wp-content\/uploads\/2020\/08\/aceitef-300x166.png 300w\" sizes=\"auto, (max-width: 440px) 100vw, 440px\" \/><br \/>\nAceites y Lubricantes<br \/>\n<\/strong><\/h4>\n<ul>\n<li style=\"text-align: justify;\">Aceites industriales<\/li>\n<li style=\"text-align: justify;\">Aceites automotrices<\/li>\n<li style=\"text-align: justify;\">Otros tipos de lubricantes o grasas.<\/li>\n<\/ul>\n<\/div>\n<div class=\"csColumnGap\" style=\"margin: 0px; padding: 0px; float: left; width: 1.56%; text-align: center;\"><img decoding=\"async\" style=\"border: none;\" src=\"http:\/\/filaret.ec\/wp-content\/plugins\/advanced-wp-columns\/assets\/js\/plugins\/views\/img\/1x1-pixel.png\" \/><\/div>\n<div class=\"csColumn\" style=\"margin: 0px; padding: 0px; float: left; width: 31.3%;\" data-csstartpoint=\"645\" data-csendpoint=\"945\" data-cswidth=\"31.3%\" data-csid=\"73aae636-c786-90f4-8546-eb2d0f866688\">\n<h4 style=\"text-align: center;\"><strong><img loading=\"lazy\" decoding=\"async\" class=\"aligncenter wp-image-314 size-full\" src=\"http:\/\/filaret.ec\/wp-content\/uploads\/2020\/08\/moleculaf.png\" alt=\"\" width=\"440\" height=\"244\" srcset=\"https:\/\/filaret.ec\/wp-content\/uploads\/2020\/08\/moleculaf.png 440w, https:\/\/filaret.ec\/wp-content\/uploads\/2020\/08\/moleculaf-300x166.png 300w\" sizes=\"auto, (max-width: 440px) 100vw, 440px\" \/><br \/>\nProductos Qu\u00edmicos<br \/>\n<\/strong><\/h4>\n<ul>\n<li style=\"text-align: justify;\">Pinturas \/ Resinas<\/li>\n<li style=\"text-align: justify;\">Diluyentes \/ Solventes<\/li>\n<li style=\"text-align: justify;\">Otros productos qu\u00edmicos.<\/li>\n<\/ul>\n<\/div>\n<div class=\"csColumnGap\" style=\"margin: 0px; padding: 0px; float: left; width: 1.56%; text-align: center;\"><img decoding=\"async\" style=\"border: none;\" src=\"http:\/\/filaret.ec\/wp-content\/plugins\/advanced-wp-columns\/assets\/js\/plugins\/views\/img\/1x1-pixel.png\" \/><\/div>\n<div style=\"clear: both; float: none; display: block; visibility: hidden; width: 0px; font-size: 0px; line-height: 0; text-align: center;\"><\/div>\n<\/div>\n","protected":false},"excerpt":{"rendered":"<p>Agroindustrial Pasta de tomate Concentrados, pur\u00e9 y jugos de frutas (maracuy\u00e1, banano, mango) Otros productos as\u00e9pticos o congelados. Aceites y Lubricantes Aceites industriales Aceites automotrices Otros tipos de lubricantes o grasas. Productos<a class=\"moretag\" href=\"https:\/\/filaret.ec\/index.php\/clientes\/\">Leer m\u00e1s&#8230;<\/a><\/p>\n","protected":false},"author":1,"featured_media":0,"parent":0,"menu_order":0,"comment_status":"closed","ping_status":"closed","template":"","meta":{"footnotes":""},"class_list":["post-67","page","type-page","status-publish","hentry"],"_links":{"self":[{"href":"https:\/\/filaret.ec\/index.php\/wp-json\/wp\/v2\/pages\/67","targetHints":{"allow":["GET"]}}],"collection":[{"href":"https:\/\/filaret.ec\/index.php\/wp-json\/wp\/v2\/pages"}],"about":[{"href":"https:\/\/filaret.ec\/index.php\/wp-json\/wp\/v2\/types\/page"}],"author":[{"embeddable":true,"href":"https:\/\/filaret.ec\/index.php\/wp-json\/wp\/v2\/users\/1"}],"replies":[{"embeddable":true,"href":"https:\/\/filaret.ec\/index.php\/wp-json\/wp\/v2\/comments?post=67"}],"version-history":[{"count":11,"href":"https:\/\/filaret.ec\/index.php\/wp-json\/wp\/v2\/pages\/67\/revisions"}],"predecessor-version":[{"id":508,"href":"https:\/\/filaret.ec\/index.php\/wp-json\/wp\/v2\/pages\/67\/revisions\/508"}],"wp:attachment":[{"href":"https:\/\/filaret.ec\/index.php\/wp-json\/wp\/v2\/media?parent=67"}],"curies":[{"name":"wp","href":"https:\/\/api.w.org\/{rel}","templated":true}]}}